{"id":3479,"date":"2025-01-23T10:08:55","date_gmt":"2025-01-23T10:08:55","guid":{"rendered":"https:\/\/luxmetal-industrie.com\/filterworld\/?post_type=product&#038;p=3479"},"modified":"2025-01-29T15:31:27","modified_gmt":"2025-01-29T15:31:27","slug":"filtre-miniplis-compact-haute-efficacite-3","status":"publish","type":"product","link":"https:\/\/filterworld.dz\/en\/product\/filtre-miniplis-compact-haute-efficacite-3\/","title":{"rendered":"MINIPLIS FILTER HIGH EFFICIENCY COMPACT"},"content":{"rendered":"<h4>Param\u00e8tres de cotes<\/h4>\n<table>\n<tbody>\n<tr>\n<td width=\"148\"><strong>\u00a0<\/strong><\/p>\n<p><strong>Dimensions hors tout<\/strong><\/td>\n<td width=\"102\"><strong>Niveau<\/strong><strong> d&#8217;efficacit\u00e9<\/strong><\/td>\n<td width=\"76\"><strong>Zone de mat\u00e9riau<\/strong><\/p>\n<p><strong>filtrant<\/strong><\/td>\n<td width=\"114\"><strong>Vitesse du vent\/correspondant<\/strong><\/p>\n<p><strong>R\u00e9sistance<\/strong><\/td>\n<td width=\"98\"><strong>\u00a0<\/strong><\/p>\n<p><strong>Volume<\/strong><strong> unitaire<\/strong><\/td>\n<td width=\"133\"><strong>\u00a0<\/strong><\/p>\n<p><strong>Unit\u00e9 de poids<\/strong><\/td>\n<\/tr>\n<tr>\n<td width=\"148\"><strong>(WXHXD) mm<\/strong><\/td>\n<td width=\"102\"><strong>EN779<\/strong><\/td>\n<td width=\"76\"><strong>M\u00b2<\/strong><\/td>\n<td width=\"114\"><strong>CMH\/Pa<\/strong><\/td>\n<td width=\"98\"><strong>M\u00b3<\/strong><\/td>\n<td width=\"133\"><strong>KG<\/strong><\/td>\n<\/tr>\n<tr>\n<td width=\"148\">290x290x48<\/td>\n<td width=\"102\">F9<\/td>\n<td width=\"76\">2.7<\/td>\n<td width=\"114\">2125\/160<\/td>\n<td width=\"98\">0,05<\/td>\n<td width=\"133\">3<\/td>\n<\/tr>\n<\/tbody>\n<\/table>\n<p><img fetchpriority=\"high\" decoding=\"async\" class=\"alignnone size-medium wp-image-3318\" src=\"https:\/\/luxmetal-industrie.com\/filterworld\/wp-content\/uploads\/2024\/12\/FMC-HF-F9.pdf-image-020-300x168.jpg\" alt=\"\" width=\"300\" height=\"168\" srcset=\"https:\/\/filterworld.dz\/en\/wp-content\/uploads\/2024\/12\/FMC-HF-F9.pdf-image-020-300x168.jpg 300w, https:\/\/filterworld.dz\/en\/wp-content\/uploads\/2024\/12\/FMC-HF-F9.pdf-image-020-600x337.jpg 600w, https:\/\/filterworld.dz\/en\/wp-content\/uploads\/2024\/12\/FMC-HF-F9.pdf-image-020-1024x575.jpg 1024w, https:\/\/filterworld.dz\/en\/wp-content\/uploads\/2024\/12\/FMC-HF-F9.pdf-image-020-768x431.jpg 768w, https:\/\/filterworld.dz\/en\/wp-content\/uploads\/2024\/12\/FMC-HF-F9.pdf-image-020-80x45.jpg 80w, https:\/\/filterworld.dz\/en\/wp-content\/uploads\/2024\/12\/FMC-HF-F9.pdf-image-020.jpg 1477w\" sizes=\"(max-width: 300px) 100vw, 300px\" \/><\/p>\n","protected":false},"excerpt":{"rendered":"<p>Les filtres compacts sont des filtres \u00e0 miniplis de fibre de verre se caract\u00e9risant par une haute capacit\u00e9 de filtration et une r\u00e9tention performante des particules Conception structurelle, grande r\u00e9sistance structurelle, poids l\u00e9ger Adapt\u00e9 aux environnements de travail \u00e0 haut volume d&#8217;air Surface de filtration tr\u00e8s grande, faible r\u00e9sistance, grande capacit\u00e9 de poussi\u00e8re <\/p>\n<p>Assure une surface de filtration efficace, l\u00e9ger et facile \u00e0 installer <\/p>\n<p><strong>Configuration du produit<\/strong> <\/p>\n<p><strong>Application :<\/strong> <\/p>\n<ul>\n<li style=\"list-style-type: none\">\n<ul>\n<li><em>Tertiaire : filtration de l\u2019air repris avant centrale de traitement d\u2019air.<\/em><\/li>\n<\/ul>\n<\/li>\n<\/ul>\n<p>\u00a0<\/p>\n<ul>\n<li style=\"list-style-type: none\">\n<ul>\n<li><em>Hygi\u00e8ne hospitali\u00e8re : filtration Haute Efficacit\u00e9 en grille de souffage\/reprise d\u2019air.<\/em><\/li>\n<\/ul>\n<\/li>\n<\/ul>\n<p>\u00a0<\/p>\n<ul>\n<li style=\"list-style-type: none\">\n<ul>\n<li><em>Salles propres : pr\u00e9filtration pour filtre Tr\u00e8s Haute Efficacit\u00e9 et filtre charbon <\/em><\/li>\n<\/ul>\n<\/li>\n<\/ul>\n<p><strong>Mat\u00e9riau de filtration : <\/strong><em>Fibre synth\u00e9tique en polypropyl\u00e8ne, fibre de verre<\/em> <\/p>\n<p><strong>Cadre ext\u00e9rieur <em>: <\/em><\/strong><em>Cadre en acier galvanis\u00e9<\/em> <\/p>\n<p><strong>classification : <\/strong><em>F9 selon EN779<\/em> <\/p>\n<p><strong>Efficacit\u00e9 <\/strong>: <em>Selon ISO 16890 ePM1 60 % et ePM1 80 %.<\/em> <\/p>\n<p><strong>Debit nominale : <\/strong><em>1500 \u00e0 6 328 m\u00b3\/h.<\/em> <\/p>\n<p><strong>Temp\u00e9rature : <\/strong>Temp\u00e9rature continue maximale de 70 \u00b0C <\/p>\n<p><strong>R\u00e9sistance : <\/strong>450 Pa (point de r\u00e9sistance le plus \u00e9conomique : 350 Pa)<\/p>\n","protected":false},"featured_media":3452,"template":"","meta":{"_siteseo_robots_primary_cat":"79","_monsterinsights_skip_tracking":false,"_monsterinsights_sitenote_active":false,"_monsterinsights_sitenote_note":"","_monsterinsights_sitenote_category":0},"product_cat":[15],"product_tag":[],"class_list":{"0":"post-3479","1":"product","2":"type-product","3":"status-publish","4":"has-post-thumbnail","6":"product_cat-filtre-de-ventilation-generale","8":"first","9":"instock","10":"shipping-taxable","11":"product-type-simple"},"aioseo_notices":[],"_links":{"self":[{"href":"https:\/\/filterworld.dz\/en\/wp-json\/wp\/v2\/product\/3479","targetHints":{"allow":["GET"]}}],"collection":[{"href":"https:\/\/filterworld.dz\/en\/wp-json\/wp\/v2\/product"}],"about":[{"href":"https:\/\/filterworld.dz\/en\/wp-json\/wp\/v2\/types\/product"}],"wp:featuredmedia":[{"embeddable":true,"href":"https:\/\/filterworld.dz\/en\/wp-json\/wp\/v2\/media\/3452"}],"wp:attachment":[{"href":"https:\/\/filterworld.dz\/en\/wp-json\/wp\/v2\/media?parent=3479"}],"wp:term":[{"taxonomy":"product_cat","embeddable":true,"href":"https:\/\/filterworld.dz\/en\/wp-json\/wp\/v2\/product_cat?post=3479"},{"taxonomy":"product_tag","embeddable":true,"href":"https:\/\/filterworld.dz\/en\/wp-json\/wp\/v2\/product_tag?post=3479"}],"curies":[{"name":"wp","href":"https:\/\/api.w.org\/{rel}","templated":true}]}}