{"id":3333,"date":"2024-12-30T17:52:35","date_gmt":"2024-12-30T17:52:35","guid":{"rendered":"https:\/\/luxmetal-industrie.com\/filterworld\/?post_type=product&#038;p=3333"},"modified":"2025-01-29T15:32:10","modified_gmt":"2025-01-29T15:32:10","slug":"filtre-compacte-f9","status":"publish","type":"product","link":"https:\/\/filterworld.dz\/en\/product\/filtre-compacte-f9\/","title":{"rendered":"COMPACT F9 Filter"},"content":{"rendered":"","protected":false},"excerpt":{"rendered":"<p>Le <strong>filtre COMPACTE F9<\/strong> combine efficacit\u00e9 et compacit\u00e9 pour offrir une solution de filtration avanc\u00e9e dans les espaces restreints. Gr\u00e2ce \u00e0 son m\u00e9dia filtrant haute performance, il capture efficacement les particules fines jusqu\u2019aux microparticules, assurant une qualit\u00e9 d\u2019air exceptionnelle. Ce filtre est id\u00e9al pour les applications n\u00e9cessitant un niveau de filtration sup\u00e9rieur, comme les salles blanches, les unit\u00e9s de production pharmaceutiques, et les syst\u00e8mes de ventilation haute efficacit\u00e9.<\/p>\n","protected":false},"featured_media":3335,"template":"","meta":{"_siteseo_robots_primary_cat":"","_monsterinsights_skip_tracking":false,"_monsterinsights_sitenote_active":false,"_monsterinsights_sitenote_note":"","_monsterinsights_sitenote_category":0},"product_cat":[15],"product_tag":[],"class_list":{"0":"post-3333","1":"product","2":"type-product","3":"status-publish","4":"has-post-thumbnail","6":"product_cat-filtre-de-ventilation-generale","8":"first","9":"instock","10":"shipping-taxable","11":"product-type-simple"},"aioseo_notices":[],"_links":{"self":[{"href":"https:\/\/filterworld.dz\/en\/wp-json\/wp\/v2\/product\/3333","targetHints":{"allow":["GET"]}}],"collection":[{"href":"https:\/\/filterworld.dz\/en\/wp-json\/wp\/v2\/product"}],"about":[{"href":"https:\/\/filterworld.dz\/en\/wp-json\/wp\/v2\/types\/product"}],"wp:featuredmedia":[{"embeddable":true,"href":"https:\/\/filterworld.dz\/en\/wp-json\/wp\/v2\/media\/3335"}],"wp:attachment":[{"href":"https:\/\/filterworld.dz\/en\/wp-json\/wp\/v2\/media?parent=3333"}],"wp:term":[{"taxonomy":"product_cat","embeddable":true,"href":"https:\/\/filterworld.dz\/en\/wp-json\/wp\/v2\/product_cat?post=3333"},{"taxonomy":"product_tag","embeddable":true,"href":"https:\/\/filterworld.dz\/en\/wp-json\/wp\/v2\/product_tag?post=3333"}],"curies":[{"name":"wp","href":"https:\/\/api.w.org\/{rel}","templated":true}]}}