{"id":3309,"date":"2024-12-30T15:31:49","date_gmt":"2024-12-30T15:31:49","guid":{"rendered":"https:\/\/luxmetal-industrie.com\/filterworld\/?post_type=product&#038;p=3309"},"modified":"2025-01-29T15:33:31","modified_gmt":"2025-01-29T15:33:31","slug":"filter-class-f8-lptf-plug-in-medium-efficiency-filter","status":"publish","type":"product","link":"https:\/\/filterworld.dz\/en\/product\/filter-class-f8-lptf-plug-in-medium-efficiency-filter\/","title":{"rendered":"Plastic Frame F7"},"content":{"rendered":"<h4>Param\u00e8tres de cote :<\/h4>\n<table>\n<tbody>\n<tr>\n<td width=\"119\"><strong>Dimensions hors tout<\/strong><\/td>\n<td width=\"102\"><strong>Niveau d&#8217;efficacit\u00e9<\/strong><\/td>\n<td width=\"93\"><strong>Zone de mat\u00e9riau filtrant<\/strong><\/td>\n<td width=\"177\"><strong>\u00a0<\/strong><\/p>\n<p><strong>D\u00e9bit\/perte de charge initial<\/strong><\/td>\n<td width=\"92\"><strong>Volume unitaire<\/strong><\/td>\n<td width=\"140\"><strong>\u00a0<\/strong><\/p>\n<p><strong>Unit\u00e9 de poids<\/strong><\/td>\n<\/tr>\n<tr>\n<td width=\"119\">WXHXD)<\/td>\n<td width=\"102\">EN799<\/td>\n<td width=\"93\">M\u00b2<\/td>\n<td width=\"177\">M\u00b3 CMH\/Pa<\/td>\n<td width=\"92\">M\u00b2<\/td>\n<td width=\"140\">KG<\/td>\n<\/tr>\n<tr>\n<td width=\"119\">592X592X292<\/td>\n<td width=\"102\">F8<\/td>\n<td width=\"93\">19.0<\/td>\n<td width=\"177\">4250\/110<\/td>\n<td width=\"92\">0,11<\/td>\n<td width=\"140\">3<\/td>\n<\/tr>\n<tr>\n<td width=\"119\">592X287X292<\/td>\n<td width=\"102\">F8<\/td>\n<td width=\"93\">17.3<\/td>\n<td width=\"177\">3440\/85<\/td>\n<td width=\"92\">0.86<\/td>\n<td width=\"140\">2.3<\/td>\n<\/tr>\n<\/tbody>\n<\/table>\n<p><img fetchpriority=\"high\" decoding=\"async\" class=\"alignnone size-medium wp-image-3322\" src=\"https:\/\/luxmetal-industrie.com\/filterworld\/wp-content\/uploads\/2024\/12\/FR-F8-VB-P.pdf-image-021-300x195.jpg\" alt=\"\" width=\"300\" height=\"195\" srcset=\"https:\/\/filterworld.dz\/en\/wp-content\/uploads\/2024\/12\/FR-F8-VB-P.pdf-image-021-300x195.jpg 300w, https:\/\/filterworld.dz\/en\/wp-content\/uploads\/2024\/12\/FR-F8-VB-P.pdf-image-021-600x390.jpg 600w, https:\/\/filterworld.dz\/en\/wp-content\/uploads\/2024\/12\/FR-F8-VB-P.pdf-image-021-1024x666.jpg 1024w, https:\/\/filterworld.dz\/en\/wp-content\/uploads\/2024\/12\/FR-F8-VB-P.pdf-image-021-768x500.jpg 768w, https:\/\/filterworld.dz\/en\/wp-content\/uploads\/2024\/12\/FR-F8-VB-P.pdf-image-021-80x52.jpg 80w, https:\/\/filterworld.dz\/en\/wp-content\/uploads\/2024\/12\/FR-F8-VB-P.pdf-image-021.jpg 1277w\" sizes=\"(max-width: 300px) 100vw, 300px\" \/><\/p>\n","protected":false},"excerpt":{"rendered":"<p>Conception structurelle, grande r\u00e9sistance structurelle, poids l\u00e9ger Adapt\u00e9 aux environnements de travail \u00e0 haut volume d&#8217;air <\/p>\n<p>Surface de filtration tr\u00e8s grande, faible r\u00e9sistance, grande capacit\u00e9 de Captation, <\/p>\n<p>Assure une surface de filtration efficace, l\u00e9ger et facile \u00e0 installer. <\/p>\n<p><strong>Configuration du produit :<\/strong> <\/p>\n<ul>\n<li style=\"list-style-type: none\">\n<ul>\n<li><strong>Application :<\/strong> Filtration interm\u00e9diaire des syst\u00e8mes de climatisation, filtration interm\u00e9diaire des syst\u00e8mes de salle blanche<\/li>\n<\/ul>\n<\/li>\n<\/ul>\n<p>\u00a0<\/p>\n<ul>\n<li style=\"list-style-type: none\">\n<ul>\n<li><strong>Mat\u00e9riau de filtration :<\/strong> Fibre synth\u00e9tique en polypropyl\u00e8ne, fibre de verre<\/li>\n<\/ul>\n<\/li>\n<\/ul>\n<p>\u00a0<\/p>\n<ul>\n<li style=\"list-style-type: none\">\n<ul>\n<li><strong>Cadre ext\u00e9rieur :<\/strong> Cadre en plastique, cadre galvanis\u00e9<\/li>\n<\/ul>\n<\/li>\n<\/ul>\n<p>\u00a0<\/p>\n<ul>\n<li style=\"list-style-type: none\">\n<ul>\n<li><strong>Efficacit\u00e9 :<\/strong> F8, Efficacit\u00e9 EN799, 71%,76%,90%<\/li>\n<\/ul>\n<\/li>\n<\/ul>\n<p>\u00a0<\/p>\n<ul>\n<li style=\"list-style-type: none\">\n<ul>\n<li><strong>Temp\u00e9rature :<\/strong> Temp\u00e9rature connue maximale de 70 \u00b0C<\/li>\n<\/ul>\n<\/li>\n<\/ul>\n<p>\u00a0<\/p>\n<ul>\n<li style=\"list-style-type: none\">\n<ul>\n<li><strong>R\u00e9sistance :<\/strong> 450 Pa (point de r\u00e9sistance le plus \u00e9conomique : 350 Pa)<\/li>\n<\/ul>\n<\/li>\n<\/ul>\n<p>\u00a0<\/p>\n","protected":false},"featured_media":3445,"template":"","meta":{"_siteseo_robots_primary_cat":"15","_monsterinsights_skip_tracking":false,"_monsterinsights_sitenote_active":false,"_monsterinsights_sitenote_note":"","_monsterinsights_sitenote_category":0},"product_cat":[15,60],"product_tag":[],"class_list":{"0":"post-3309","1":"product","2":"type-product","3":"status-publish","4":"has-post-thumbnail","6":"product_cat-filtre-de-ventilation-generale","7":"product_cat-cadre-plastique","9":"first","10":"instock","11":"shipping-taxable","12":"product-type-simple"},"aioseo_notices":[],"_links":{"self":[{"href":"https:\/\/filterworld.dz\/en\/wp-json\/wp\/v2\/product\/3309","targetHints":{"allow":["GET"]}}],"collection":[{"href":"https:\/\/filterworld.dz\/en\/wp-json\/wp\/v2\/product"}],"about":[{"href":"https:\/\/filterworld.dz\/en\/wp-json\/wp\/v2\/types\/product"}],"wp:featuredmedia":[{"embeddable":true,"href":"https:\/\/filterworld.dz\/en\/wp-json\/wp\/v2\/media\/3445"}],"wp:attachment":[{"href":"https:\/\/filterworld.dz\/en\/wp-json\/wp\/v2\/media?parent=3309"}],"wp:term":[{"taxonomy":"product_cat","embeddable":true,"href":"https:\/\/filterworld.dz\/en\/wp-json\/wp\/v2\/product_cat?post=3309"},{"taxonomy":"product_tag","embeddable":true,"href":"https:\/\/filterworld.dz\/en\/wp-json\/wp\/v2\/product_tag?post=3309"}],"curies":[{"name":"wp","href":"https:\/\/api.w.org\/{rel}","templated":true}]}}