{"id":3307,"date":"2024-12-30T15:31:49","date_gmt":"2024-12-30T15:31:49","guid":{"rendered":"https:\/\/luxmetal-industrie.com\/filterworld\/?post_type=product&#038;p=3307"},"modified":"2025-01-29T15:33:01","modified_gmt":"2025-01-29T15:33:01","slug":"filtre-hotte-silencieuse","status":"publish","type":"product","link":"https:\/\/filterworld.dz\/en\/product\/filtre-hotte-silencieuse\/","title":{"rendered":"Silent Hood Filter"},"content":{"rendered":"<h4>Param\u00e8tres de cotes<\/h4>\n<table>\n<tbody>\n<tr>\n<td width=\"237\">\n<p><strong>Type<\/strong><\/p>\n<\/td>\n<td width=\"62\">\n<p><strong>EN1822<\/strong><\/p>\n<\/td>\n<td width=\"101\">\n<p><strong>Dimensions<\/strong><\/p>\n<p><strong>WxHxD (mm)<\/strong><\/p>\n<\/td>\n<td width=\"61\">\n<p><strong>Con. \u00d8<\/strong><\/p>\n<p><strong>(mm)<\/strong><\/p>\n<\/td>\n<td width=\"127\">\n<p><strong>Airflow\/pressure<\/strong><\/p>\n<p><strong>drop (m\u00b3\/h\/Pa)<\/strong><\/p>\n<\/td>\n<td width=\"71\">\n<p><strong>Media<\/strong><\/p>\n<p><strong>area (m\u00b2)<\/strong><\/p>\n<\/td>\n<td width=\"50\">\n<p><strong>Weight<\/strong><\/p>\n<p><strong>(kg)<\/strong><\/p>\n<\/td>\n<\/tr>\n<tr>\n<td width=\"237\">\n<p>H14-HS -915x762x116\/DN 315-01PU<\/p>\n<\/td>\n<td width=\"62\">\n<p>H14<\/p>\n<\/td>\n<td width=\"101\">\n<p>915x762x116<\/p>\n<\/td>\n<td width=\"61\">\n<p>315<\/p>\n<\/td>\n<td width=\"127\">\n<p>1130\/145<\/p>\n<\/td>\n<td width=\"71\">\n<p>18.38<\/p>\n<\/td>\n<td width=\"50\">\n<p>18.6<\/p>\n<\/td>\n<\/tr>\n<tr>\n<td width=\"237\">\n<p>H14-HS-595X595X220\/DN250MM-01PU<\/p>\n<\/td>\n<td width=\"62\">\n<p>H14<\/p>\n<\/td>\n<td width=\"101\">\n<p>595x595x220<\/p>\n<\/td>\n<td width=\"61\">\n<p>250<\/p>\n<\/td>\n<td width=\"127\">\n<p>1120\/110<\/p>\n<\/td>\n<td width=\"71\">\n<p>16.7<\/p>\n<\/td>\n<td width=\"50\">\n<p>16<\/p>\n<\/td>\n<\/tr>\n<tr>\n<td width=\"237\">\n<p>H14-HS-595X305X220\/DN200MM-01PU<\/p>\n<\/td>\n<td width=\"62\">\n<p>H14<\/p>\n<\/td>\n<td width=\"101\">\n<p>595X305X220<\/p>\n<\/td>\n<td width=\"61\">\n<p>200<\/p>\n<\/td>\n<td width=\"127\">\n<p>1120\/95<\/p>\n<\/td>\n<td width=\"71\">\n<p>15.3<\/p>\n<\/td>\n<td width=\"50\">\n<p>14<\/p>\n<\/td>\n<\/tr>\n<tr>\n<td width=\"237\">\n<p>H14-HS-305x305X220\/DN150MM-01PU<\/p>\n<\/td>\n<td width=\"62\">\n<p>H14<\/p>\n<\/td>\n<td width=\"101\">\n<p>305X305X220<\/p>\n<\/td>\n<td width=\"61\">\n<p>150<\/p>\n<\/td>\n<td width=\"127\">\n<p>940\/78<\/p>\n<\/td>\n<td width=\"71\">\n<p>9.8<\/p>\n<\/td>\n<td width=\"50\">\n<p>11<\/p>\n<\/td>\n<\/tr>\n<\/tbody>\n<\/table>\n","protected":false},"excerpt":{"rendered":"<p>Les filtres hottes silencieuses utilisent diff\u00e9rents types de filtres pour purifie l&#8217;air, Solution compacte avec raccordement \u00e0 la gaine Distribution ,homog\u00e8ne de la vitesse de l&#8217;air, Test\u00e9 individuellement par balayage, Tr\u00e8s faible niveau de puissance acoustique<\/p>\n<p><strong>Configuration du produit<\/strong><\/p>\n<ul>\n<li><strong>Application : <\/strong><em>Filtration HEPA finale pour les salles blanches<\/em><\/li>\n<li><strong>Joint d&#8217;\u00e9tanch\u00e9it\u00e9 : <\/strong><em>N\u00e9opr\u00e8ne<\/em><\/li>\n<li><strong>Les m\u00e9dias : <\/strong><em>Fibre de verre<\/em><\/li>\n<li><strong>S\u00e9parateur : <\/strong><em>Hot-mel<\/em><\/li>\n<li><strong>Scellant : <\/strong><em>Polyur\u00e9thane<\/em><\/li>\n<li><strong>Grille, en aval : <\/strong><em>M\u00e9tal d\u00e9ploy\u00e9 peint (RAL 9016)<\/em><\/li>\n<li><strong>Perte de charge finale recommand\u00e9e : <\/strong><em>2x Perte de charge initiale<\/em><\/li>\n<li><strong>Perte de charge finale maximale : <\/strong><em>MD : 450 Pa<\/em><\/li>\n<li><strong>D\u00e9bit d&#8217;air maximal : <\/strong><em>Peut \u00eatre calcul\u00e9 sur demande<\/em><\/li>\n<li><strong>Temp\u00e9rature maximale (\u00b0C) : <\/strong><em>70\u00baC<\/em><\/li>\n<li><strong>Humidit\u00e9 relative max : <\/strong><em>100%<\/em><\/li>\n<li><strong>Commentaire : Raccord : <\/strong><em>Embout avec un diam\u00e8tre ext\u00e9rieur de 160 mm, 250 mm ou 315 mm selon le mod\u00e8le Tous les filtres sont test\u00e9s conform\u00e9ment \u00e0 la norme EN 1822 avec un protocole individuel et sont emball\u00e9s dans un film PE<\/em><\/li>\n<\/ul>\n","protected":false},"featured_media":3453,"template":"","meta":{"_siteseo_robots_primary_cat":"","_monsterinsights_skip_tracking":false,"_monsterinsights_sitenote_active":false,"_monsterinsights_sitenote_note":"","_monsterinsights_sitenote_category":0},"product_cat":[15],"product_tag":[],"class_list":{"0":"post-3307","1":"product","2":"type-product","3":"status-publish","4":"has-post-thumbnail","6":"product_cat-filtre-de-ventilation-generale","8":"first","9":"instock","10":"shipping-taxable","11":"product-type-simple"},"aioseo_notices":[],"_links":{"self":[{"href":"https:\/\/filterworld.dz\/en\/wp-json\/wp\/v2\/product\/3307","targetHints":{"allow":["GET"]}}],"collection":[{"href":"https:\/\/filterworld.dz\/en\/wp-json\/wp\/v2\/product"}],"about":[{"href":"https:\/\/filterworld.dz\/en\/wp-json\/wp\/v2\/types\/product"}],"wp:featuredmedia":[{"embeddable":true,"href":"https:\/\/filterworld.dz\/en\/wp-json\/wp\/v2\/media\/3453"}],"wp:attachment":[{"href":"https:\/\/filterworld.dz\/en\/wp-json\/wp\/v2\/media?parent=3307"}],"wp:term":[{"taxonomy":"product_cat","embeddable":true,"href":"https:\/\/filterworld.dz\/en\/wp-json\/wp\/v2\/product_cat?post=3307"},{"taxonomy":"product_tag","embeddable":true,"href":"https:\/\/filterworld.dz\/en\/wp-json\/wp\/v2\/product_tag?post=3307"}],"curies":[{"name":"wp","href":"https:\/\/api.w.org\/{rel}","templated":true}]}}