{"id":3306,"date":"2024-12-30T15:31:49","date_gmt":"2024-12-30T15:31:49","guid":{"rendered":"https:\/\/luxmetal-industrie.com\/filterworld\/?post_type=product&#038;p=3306"},"modified":"2025-01-29T15:32:49","modified_gmt":"2025-01-29T15:32:49","slug":"filtre-hepa-h14-haute-efficacite-2","status":"publish","type":"product","link":"https:\/\/filterworld.dz\/en\/product\/filtre-hepa-h14-haute-efficacite-2\/","title":{"rendered":"HEPA\/H14 High Efficiency Filter"},"content":{"rendered":"<h4>Param\u00e8tres de cotes<\/h4>\n<table>\n<tbody>\n<tr>\n<td width=\"148\">\n<p><strong>\u00a0<\/strong><\/p>\n<p><strong>Dimensions hors tout<\/strong><\/p>\n<\/td>\n<td width=\"102\">\n<p><strong>Niveau<\/strong><strong> d&#8217;efficacit\u00e9<\/strong><\/p>\n<\/td>\n<td width=\"76\">\n<p><strong>Zone de<\/strong><\/p>\n<p><strong>mat\u00e9riau<\/strong><strong> filtrant<\/strong><\/p>\n<\/td>\n<td width=\"114\">\n<p><strong>Vitesse du<\/strong><\/p>\n<p><strong>vent\/correspondant<\/strong><strong> R\u00e9sistance<\/strong><\/p>\n<\/td>\n<td width=\"98\">\n<p><strong>\u00a0<\/strong><\/p>\n<p><strong>Volume<\/strong> <strong>unitaire<\/strong><\/p>\n<\/td>\n<td width=\"133\">\n<p><strong>\u00a0<\/strong><\/p>\n<p><strong>Unit\u00e9 de poids<\/strong><\/p>\n<\/td>\n<\/tr>\n<tr>\n<td width=\"148\">\n<p><strong>(WXHXD) mm<\/strong><\/p>\n<\/td>\n<td width=\"102\">\n<p><strong>EN1822<\/strong><\/p>\n<\/td>\n<td width=\"76\">\n<p><strong>M\u00b2<\/strong><\/p>\n<\/td>\n<td width=\"114\">\n<p><strong>CMH\/Pa<\/strong><\/p>\n<\/td>\n<td width=\"98\">\n<p><strong>M\u00b3<\/strong><\/p>\n<\/td>\n<td width=\"133\">\n<p><strong>KG<\/strong><\/p>\n<\/td>\n<\/tr>\n<tr>\n<td width=\"148\">\n<p>1220x762x71<\/p>\n<\/td>\n<td width=\"102\">\n<p>H14<\/p>\n<\/td>\n<td width=\"76\">\n<p>24,3<\/p>\n<\/td>\n<td width=\"114\">\n<p>1115\/90<\/p>\n<\/td>\n<td width=\"98\">\n<p>1<\/p>\n<\/td>\n<td width=\"133\">\n<p>13<\/p>\n<\/td>\n<\/tr>\n<tr>\n<td width=\"148\">\n<p>1205x645x81<\/p>\n<\/td>\n<td width=\"102\">\n<p>H14<\/p>\n<\/td>\n<td width=\"76\">\n<p>19,1<\/p>\n<\/td>\n<td width=\"114\">\n<p>1042\/105<\/p>\n<\/td>\n<td width=\"98\">\n<p>0,98<\/p>\n<\/td>\n<td width=\"133\">\n<p>12.5<\/p>\n<\/td>\n<\/tr>\n<tr>\n<td width=\"148\">\n<p>762x457x73<\/p>\n<\/td>\n<td width=\"102\">\n<p>H14<\/p>\n<\/td>\n<td width=\"76\">\n<p>12,7<\/p>\n<\/td>\n<td width=\"114\">\n<p>600\/120<\/p>\n<\/td>\n<td width=\"98\">\n<p>0,05<\/p>\n<\/td>\n<td width=\"133\">\n<p>6<\/p>\n<\/td>\n<\/tr>\n<tr>\n<td width=\"148\">\n<p>457x610x73<\/p>\n<\/td>\n<td width=\"102\">\n<p>H14<\/p>\n<\/td>\n<td width=\"76\">\n<p>10,7<\/p>\n<\/td>\n<td width=\"114\">\n<p>600\/140<\/p>\n<\/td>\n<td width=\"98\">\n<p>0,03<\/p>\n<\/td>\n<td width=\"133\">\n<p>5<\/p>\n<\/td>\n<\/tr>\n<tr>\n<td width=\"148\">\n<p>610x305x95<\/p>\n<\/td>\n<td width=\"102\">\n<p>H14<\/p>\n<\/td>\n<td width=\"76\">\n<p>13,5<\/p>\n<\/td>\n<td width=\"114\">\n<p>600\/140<\/p>\n<\/td>\n<td width=\"98\">\n<p>0,04<\/p>\n<\/td>\n<td width=\"133\">\n<p>8<\/p>\n<\/td>\n<\/tr>\n<tr>\n<td width=\"148\">\n<p>610x610x69<\/p>\n<\/td>\n<td width=\"102\">\n<p>H14<\/p>\n<\/td>\n<td width=\"76\">\n<p>13.9<\/p>\n<\/td>\n<td width=\"114\">\n<p>750\/155<\/p>\n<\/td>\n<td width=\"98\">\n<p>0.04<\/p>\n<\/td>\n<td width=\"133\">\n<p>7<\/p>\n<\/td>\n<\/tr>\n<\/tbody>\n<\/table>\n","protected":false},"excerpt":{"rendered":"<p>L&#8217;utilisation de filtres HEPA Ge-Seal offre plusieurs avantages aux environnements de salles blanches, notamment une meilleure qualit\u00e9 de l&#8217;air, une efficacit\u00e9 accrue des salles blanches et une r\u00e9duction des risques de contamination. Les filtres peuvent \u00e9liminer efficacement 99,995% des particules aussi petites que 0,3 micron, garantissant que l&#8217;air de la salle blanche est exempt de poussi\u00e8re, de bact\u00e9ries et d&#8217;autres contaminants nocifs. Cela permet non seulement de prot\u00e9ger les produits fabriqu\u00e9s, mais aussi d&#8217;assurer la s\u00e9curit\u00e9 des travailleurs dans la salle blanche<\/p>\n<p><strong>Configuration du produit<\/strong><\/p>\n<p><strong>Application :<\/strong><\/p>\n<p><em>Usines pharmaceutiques et autres lieux ayant des exigences \u00e9lev\u00e9es en mati\u00e8re de performances de filtrage<\/em><\/p>\n<p><strong>Mat\u00e9riau filtrant : <\/strong><em>papier MEDIA en fibre de verre <\/em><strong>Cadre ext\u00e9rieur : <\/strong><em>cadre en aluminium <\/em><strong>S\u00e9parateur : <\/strong><em>adh\u00e9sif thermofusible<\/em><\/p>\n<p><strong>Scellant : <\/strong><em>polyur\u00e9thane<\/em><\/p>\n<p><strong>Filet de protection : <\/strong><em>filet de protection double face en plastique pulv\u00e9ris\u00e9 en acier \u00e0 faible teneur en carbone.<\/em><\/p>\n<p><strong>Efficacit\u00e9 En1822 : <\/strong><em>H14 : \u2265 99,995 % @ MPPS.U15 : \u2265 99,9995 % @ MPPS<\/em><\/p>\n","protected":false},"featured_media":3447,"template":"","meta":{"_siteseo_robots_primary_cat":"","_monsterinsights_skip_tracking":false,"_monsterinsights_sitenote_active":false,"_monsterinsights_sitenote_note":"","_monsterinsights_sitenote_category":0},"product_cat":[15],"product_tag":[],"class_list":{"0":"post-3306","1":"product","2":"type-product","3":"status-publish","4":"has-post-thumbnail","6":"product_cat-filtre-de-ventilation-generale","8":"first","9":"instock","10":"shipping-taxable","11":"product-type-simple"},"aioseo_notices":[],"_links":{"self":[{"href":"https:\/\/filterworld.dz\/en\/wp-json\/wp\/v2\/product\/3306","targetHints":{"allow":["GET"]}}],"collection":[{"href":"https:\/\/filterworld.dz\/en\/wp-json\/wp\/v2\/product"}],"about":[{"href":"https:\/\/filterworld.dz\/en\/wp-json\/wp\/v2\/types\/product"}],"wp:featuredmedia":[{"embeddable":true,"href":"https:\/\/filterworld.dz\/en\/wp-json\/wp\/v2\/media\/3447"}],"wp:attachment":[{"href":"https:\/\/filterworld.dz\/en\/wp-json\/wp\/v2\/media?parent=3306"}],"wp:term":[{"taxonomy":"product_cat","embeddable":true,"href":"https:\/\/filterworld.dz\/en\/wp-json\/wp\/v2\/product_cat?post=3306"},{"taxonomy":"product_tag","embeddable":true,"href":"https:\/\/filterworld.dz\/en\/wp-json\/wp\/v2\/product_tag?post=3306"}],"curies":[{"name":"wp","href":"https:\/\/api.w.org\/{rel}","templated":true}]}}