{"id":3305,"date":"2024-12-30T15:31:49","date_gmt":"2024-12-30T15:31:49","guid":{"rendered":"https:\/\/luxmetal-industrie.com\/filterworld\/?post_type=product&#038;p=3305"},"modified":"2025-01-29T15:32:26","modified_gmt":"2025-01-29T15:32:26","slug":"filter-class-h13-hepa-compact-filter","status":"publish","type":"product","link":"https:\/\/filterworld.dz\/en\/product\/filter-class-h13-hepa-compact-filter\/","title":{"rendered":"Filtre HEPA Compact Classe H13"},"content":{"rendered":"<table>\n<tbody>\n<tr>\n<td width=\"108\">\n<p><strong>Dimensions hors tout<\/strong><\/p>\n<\/td>\n<td width=\"93\">\n<p><strong>Niveau d&#8217;efficacit\u00e9<\/strong><\/p>\n<\/td>\n<td width=\"87\">\n<p><strong>Nombre de poches<\/strong><\/p>\n<\/td>\n<td width=\"85\">\n<p><strong>Zone de mat\u00e9riau filtrant<\/strong><\/p>\n<\/td>\n<td width=\"161\">\n<p><strong>Vitesse du vent\/correspondant R\u00e9sistance<\/strong><\/p>\n<\/td>\n<td width=\"84\">\n<p><strong>Volume unitaire<\/strong><\/p>\n<\/td>\n<td width=\"128\">\n<p><strong>\u00a0<\/strong><\/p>\n<p><strong>Unit\u00e9 de poids<\/strong><\/p>\n<\/td>\n<\/tr>\n<tr>\n<td width=\"108\">\n<p>WXHXD)<\/p>\n<\/td>\n<td width=\"93\">\n<p>EN1822<\/p>\n<\/td>\n<td width=\"87\">\n<p>N\u00b0<\/p>\n<\/td>\n<td width=\"85\">\n<p>M\u00b2<\/p>\n<\/td>\n<td width=\"161\">\n<p>M\u00b3 CMH\/Pa<\/p>\n<\/td>\n<td width=\"84\">\n<p>M\u00b2<\/p>\n<\/td>\n<td width=\"128\">\n<p>KG<\/p>\n<\/td>\n<\/tr>\n<tr>\n<td width=\"108\">\n<p>592x287x292<\/p>\n<\/td>\n<td width=\"93\">\n<p>H13<\/p>\n<\/td>\n<td width=\"87\">\n<p>4<\/p>\n<\/td>\n<td width=\"85\">\n<p>9.0<\/p>\n<\/td>\n<td width=\"161\">\n<p>1700\/250<\/p>\n<\/td>\n<td width=\"84\">\n<p>0,6<\/p>\n<\/td>\n<td width=\"128\">\n<p>3<\/p>\n<\/td>\n<\/tr>\n<tr>\n<td width=\"108\">\n<p>592x592x292<\/p>\n<\/td>\n<td width=\"93\">\n<p>H13<\/p>\n<\/td>\n<td width=\"87\">\n<p>4<\/p>\n<\/td>\n<td width=\"85\">\n<p>19.0<\/p>\n<\/td>\n<td width=\"161\">\n<p>4000\/250<\/p>\n<\/td>\n<td width=\"84\">\n<p>0,11<\/p>\n<\/td>\n<td width=\"128\">\n<p>6<\/p>\n<\/td>\n<\/tr>\n<\/tbody>\n<\/table>\n<p><img fetchpriority=\"high\" decoding=\"async\" class=\"alignnone size-medium wp-image-3327\" src=\"https:\/\/luxmetal-industrie.com\/filterworld\/wp-content\/uploads\/2024\/12\/HCF-H13-FW-24.pdf-image-020-300x253.jpg\" alt=\"\" width=\"300\" height=\"253\" srcset=\"https:\/\/filterworld.dz\/en\/wp-content\/uploads\/2024\/12\/HCF-H13-FW-24.pdf-image-020-300x253.jpg 300w, https:\/\/filterworld.dz\/en\/wp-content\/uploads\/2024\/12\/HCF-H13-FW-24.pdf-image-020-600x507.jpg 600w, https:\/\/filterworld.dz\/en\/wp-content\/uploads\/2024\/12\/HCF-H13-FW-24.pdf-image-020-1024x865.jpg 1024w, https:\/\/filterworld.dz\/en\/wp-content\/uploads\/2024\/12\/HCF-H13-FW-24.pdf-image-020-768x649.jpg 768w, https:\/\/filterworld.dz\/en\/wp-content\/uploads\/2024\/12\/HCF-H13-FW-24.pdf-image-020-80x68.jpg 80w, https:\/\/filterworld.dz\/en\/wp-content\/uploads\/2024\/12\/HCF-H13-FW-24.pdf-image-020.jpg 1030w\" sizes=\"(max-width: 300px) 100vw, 300px\" \/> <img decoding=\"async\" class=\" wp-image-3328 alignleft\" src=\"https:\/\/luxmetal-industrie.com\/filterworld\/wp-content\/uploads\/2024\/12\/HCF-H13-FW-24.pdf-image-021-300x165.jpg\" alt=\"\" width=\"447\" height=\"246\" srcset=\"https:\/\/filterworld.dz\/en\/wp-content\/uploads\/2024\/12\/HCF-H13-FW-24.pdf-image-021-300x165.jpg 300w, https:\/\/filterworld.dz\/en\/wp-content\/uploads\/2024\/12\/HCF-H13-FW-24.pdf-image-021-80x44.jpg 80w, https:\/\/filterworld.dz\/en\/wp-content\/uploads\/2024\/12\/HCF-H13-FW-24.pdf-image-021.jpg 341w\" sizes=\"(max-width: 447px) 100vw, 447px\" \/><\/p>\n","protected":false},"excerpt":{"rendered":"<p><strong>Les filtres H13 V-bank sont une solution efficace pour garantir une filtration de<\/strong><\/p>\n<p>haute qualit\u00e9 dans des environnements critiques. Ils allient performance, durabilit\u00e9 et facilit\u00e9 d&#8217;utilisation, ce qui en fait un choix privil\u00e9gi\u00e9 pour de nombreuses applications industrielles et commercial<\/p>\n<p><strong>Configuration du produit :<\/strong><\/p>\n<ul>\n<li><strong>Application :<\/strong> Filtration interm\u00e9diaire des syst\u00e8mes de climatisation, filtration interm\u00e9diaire des syst\u00e8mes de salle blanche<\/li>\n<li><strong>Mat\u00e9riau de filtration :<\/strong> Fibre synth\u00e9tique en polypropyl\u00e8ne, fibre de verre<\/li>\n<li><strong>Cadre ext\u00e9rieur :<\/strong> Cadre en plastique, cadre galvanis\u00e9<\/li>\n<li><strong>Efficacit\u00e9 :<\/strong> H13, Efficacit\u00e9 EN1822 : 65%, 85%, 95%, 98%<\/li>\n<li><strong>Temp\u00e9rature :<\/strong> Temp\u00e9rature connue maximale de 70 \u00b0C<\/li>\n<li><strong>R\u00e9sistance :<\/strong> 450 Pa (point de r\u00e9sistance le plus \u00e9conomique : 350 Pa)<\/li>\n<\/ul>\n","protected":false},"featured_media":3446,"template":"","meta":{"_siteseo_robots_primary_cat":"","_monsterinsights_skip_tracking":false,"_monsterinsights_sitenote_active":false,"_monsterinsights_sitenote_note":"","_monsterinsights_sitenote_category":0},"product_cat":[15],"product_tag":[],"class_list":{"0":"post-3305","1":"product","2":"type-product","3":"status-publish","4":"has-post-thumbnail","6":"product_cat-filtre-de-ventilation-generale","8":"first","9":"instock","10":"shipping-taxable","11":"product-type-simple"},"aioseo_notices":[],"_links":{"self":[{"href":"https:\/\/filterworld.dz\/en\/wp-json\/wp\/v2\/product\/3305","targetHints":{"allow":["GET"]}}],"collection":[{"href":"https:\/\/filterworld.dz\/en\/wp-json\/wp\/v2\/product"}],"about":[{"href":"https:\/\/filterworld.dz\/en\/wp-json\/wp\/v2\/types\/product"}],"wp:featuredmedia":[{"embeddable":true,"href":"https:\/\/filterworld.dz\/en\/wp-json\/wp\/v2\/media\/3446"}],"wp:attachment":[{"href":"https:\/\/filterworld.dz\/en\/wp-json\/wp\/v2\/media?parent=3305"}],"wp:term":[{"taxonomy":"product_cat","embeddable":true,"href":"https:\/\/filterworld.dz\/en\/wp-json\/wp\/v2\/product_cat?post=3305"},{"taxonomy":"product_tag","embeddable":true,"href":"https:\/\/filterworld.dz\/en\/wp-json\/wp\/v2\/product_tag?post=3305"}],"curies":[{"name":"wp","href":"https:\/\/api.w.org\/{rel}","templated":true}]}}