{"id":3467,"date":"2024-12-31T19:38:57","date_gmt":"2024-12-31T19:38:57","guid":{"rendered":"https:\/\/luxmetal-industrie.com\/filterworld\/?page_id=3467"},"modified":"2025-01-29T13:12:34","modified_gmt":"2025-01-29T13:12:34","slug":"foire-et-expositions","status":"publish","type":"page","link":"https:\/\/filterworld.dz\/en\/foire-et-expositions\/","title":{"rendered":"Trade Fairs and Exhibitions"},"content":{"rendered":"\t\t<div data-elementor-type=\"wp-page\" data-elementor-id=\"3467\" class=\"elementor elementor-3467\">\n\t\t\t\t<div class=\"elementor-element elementor-element-ec0d75f e-flex e-con-boxed e-con e-parent\" data-id=\"ec0d75f\" data-element_type=\"container\">\n\t\t\t\t\t<div class=\"e-con-inner\">\n\t\t\t\t<div class=\"elementor-element elementor-element-0c43c09 elementor-widget elementor-widget-section-blog\" data-id=\"0c43c09\" data-element_type=\"widget\" data-widget_type=\"section-blog.default\">\n\t\t\t\t<div class=\"elementor-widget-container\">\n\t\t\t\t\t\r\n<script type=\"text\/javascript\">\r\n   jQuery(document).ready(function(){\r\n\t\t\/\/ blog\r\n\t\tjQuery('.blog-post-thumb-active').slick({\r\n\t\t\tautoplay:true,\r\n\t\t\tautoplaySpeed:1500,\r\n\t\t\tdots: false,\r\n\t\t\tinfinite: true,\r\n\t\t\tarrows: true,\r\n\t\t\tspeed: 1500,\r\n\t\t\tslidesToShow: 1,\r\n\t\t\tslidesToScroll: 1,\r\n\t\t\tfade: true,\r\n\t\t\tprevArrow: '<button type=\"button\" class=\"slick-prev\"><i class=\"fas fa-arrow-left\"><\/i><\/button>',\r\n\t\t\tnextArrow: '<button type=\"button\" class=\"slick-next\"><i class=\"fas fa-arrow-right\"><\/i><\/button>',\r\n\t\t});\r\n   });\r\n<\/script> \r\n\r\n\r\n<div class=\"row\">\r\n\t\r\n\t<div class=\"col-lg-6 col-md-6 blog-shortcode\">\r\n\t  <article id=\"post-1\" class=\"post-1 post type-post status-publish format-standard has-post-thumbnail hentry category-uncategorized\">\r\n\t   <div class=\"single-blog-post mb-30\">\r\n\r\n\t   \t\t\r\n\t               \t<div class=\"blog-thumb\">\r\n            \t<a href=\"https:\/\/filterworld.dz\/en\/hello-world\/\"><img fetchpriority=\"high\" decoding=\"async\" width=\"770\" height=\"460\" src=\"https:\/\/filterworld.dz\/en\/wp-content\/uploads\/2024\/12\/fecebookk-scaled-1-770x460.jpg\" class=\"attachment-geoport-770-460 size-geoport-770-460 wp-post-image\" alt=\"\" \/><\/a>\r\n         \t<\/div>                                                                                        \r\n                  <div class=\"blog-content cat-no\">\r\n         \t            <h5><a href=\"https:\/\/filterworld.dz\/en\/hello-world\/\">Our Participation in the 53rd Algiers International Fair<\/a><\/h5>\r\n            <p>Filter World EURL had the honor of participating in the 53rd edition of the Algiers International Fair, a major<\/p>\r\n            <div class=\"blog-meta\">\r\n               <ul>\r\n\t            \t\t            <\/ul>\r\n            <\/div>\r\n         <\/div>\r\n\t      \t      \t   <\/div>\r\n\t\t<\/article>\r\n\t<\/div>\r\n\r\n   <\/div>\r\n\r\n\t\t\t\t<\/div>\n\t\t\t\t<\/div>\n\t\t\t\t\t<\/div>\n\t\t\t\t<\/div>\n\t\t\t\t<\/div>\n\t\t","protected":false},"excerpt":{"rendered":"<p>Notre Participation dans la 53 \u00e8me Foire Internationale d&rsquo;Alger Filter World EURL a eu l\u2019honneur de participer \u00e0 la 53\u1d49 \u00e9dition de la Foire Internationale d&rsquo;Alger, un \u00e9v\u00e9nement<\/p>\n","protected":false},"author":1,"featured_media":0,"parent":0,"menu_order":0,"comment_status":"closed","ping_status":"closed","template":"elementor_header_footer","meta":{"_siteseo_robots_primary_cat":"","_monsterinsights_skip_tracking":false,"_monsterinsights_sitenote_active":false,"_monsterinsights_sitenote_note":"","_monsterinsights_sitenote_category":0,"footnotes":""},"class_list":["post-3467","page","type-page","status-publish","hentry"],"aioseo_notices":[],"_links":{"self":[{"href":"https:\/\/filterworld.dz\/en\/wp-json\/wp\/v2\/pages\/3467","targetHints":{"allow":["GET"]}}],"collection":[{"href":"https:\/\/filterworld.dz\/en\/wp-json\/wp\/v2\/pages"}],"about":[{"href":"https:\/\/filterworld.dz\/en\/wp-json\/wp\/v2\/types\/page"}],"author":[{"embeddable":true,"href":"https:\/\/filterworld.dz\/en\/wp-json\/wp\/v2\/users\/1"}],"replies":[{"embeddable":true,"href":"https:\/\/filterworld.dz\/en\/wp-json\/wp\/v2\/comments?post=3467"}],"version-history":[{"count":8,"href":"https:\/\/filterworld.dz\/en\/wp-json\/wp\/v2\/pages\/3467\/revisions"}],"predecessor-version":[{"id":3604,"href":"https:\/\/filterworld.dz\/en\/wp-json\/wp\/v2\/pages\/3467\/revisions\/3604"}],"wp:attachment":[{"href":"https:\/\/filterworld.dz\/en\/wp-json\/wp\/v2\/media?parent=3467"}],"curies":[{"name":"wp","href":"https:\/\/api.w.org\/{rel}","templated":true}]}}